{"id":184,"date":"2021-10-21T19:28:12","date_gmt":"2021-10-21T19:28:12","guid":{"rendered":"https:\/\/aluminiojaviereguizabal.cibert.net\/?page_id=184"},"modified":"2024-01-26T21:22:54","modified_gmt":"2024-01-26T21:22:54","slug":"aviso-legal","status":"publish","type":"page","link":"https:\/\/farmaciaantichtorres.com\/?page_id=184","title":{"rendered":"Aviso Legal"},"content":{"rendered":"\t\t<div data-elementor-type=\"wp-page\" data-elementor-id=\"184\" class=\"elementor elementor-184\" data-elementor-post-type=\"page\">\n\t\t\t\t\t\t<section class=\"elementor-section elementor-top-section elementor-element elementor-element-3f423fb elementor-section-boxed elementor-section-height-default elementor-section-height-default\" data-id=\"3f423fb\" data-element_type=\"section\" data-e-type=\"section\">\n\t\t\t\t\t\t<div class=\"elementor-container elementor-column-gap-default\">\n\t\t\t\t\t<div class=\"elementor-column elementor-col-100 elementor-top-column elementor-element elementor-element-225d1c6\" data-id=\"225d1c6\" data-element_type=\"column\" data-e-type=\"column\">\n\t\t\t<div class=\"elementor-widget-wrap elementor-element-populated\">\n\t\t\t\t\t\t<div class=\"elementor-element elementor-element-e3f2e38 elementor-widget elementor-widget-text-editor\" data-id=\"e3f2e38\" data-element_type=\"widget\" data-e-type=\"widget\" data-widget_type=\"text-editor.default\">\n\t\t\t\t<div class=\"elementor-widget-container\">\n\t\t\t\t\t\t\t\t\t<ol><li class=\"bodytext\">El titular de este sitio web es FARMACIA ANTICH TORRES Y OTRO C.B., con N.I.F. E07708662, con domicilio en carrer San Jaume, 50 \u2013 bajo, c\u00f3digo postal 07840 de Santa Eularia des Riu (Iles Balears).<\/li><li class=\"bodytext\">El acceso al site de FARMACIA ANTICH TORRES Y OTRO C.B. es gratuito. Todo el contenido es propiedad intelectual de FARMACIA ANTICH TORRES Y OTRO C.B.. Cualquier utilizaci\u00f3n de los mismos contraria a las normas en materia de propiedad intelectual ser\u00e1 perseguida con arreglo a la legislaci\u00f3n vigente.<\/li><\/ol>\t\t\t\t\t\t\t\t<\/div>\n\t\t\t\t<\/div>\n\t\t\t\t\t<\/div>\n\t\t<\/div>\n\t\t\t\t\t<\/div>\n\t\t<\/section>\n\t\t\t\t<\/div>\n\t\t","protected":false},"excerpt":{"rendered":"<p>El titular de este sitio web es FARMACIA ANTICH TORRES Y OTRO C.B., con N.I.F. E07708662, con domicilio en carrer San Jaume, 50 \u2013 bajo, c\u00f3digo postal 07840 de Santa Eularia des Riu (Iles Balears). El acceso al site de FARMACIA ANTICH TORRES Y OTRO C.B. es gratuito. Todo el contenido es propiedad intelectual de [&hellip;]<\/p>\n","protected":false},"author":1,"featured_media":0,"parent":0,"menu_order":0,"comment_status":"closed","ping_status":"closed","template":"elementor_header_footer","meta":{"footnotes":""},"class_list":["post-184","page","type-page","status-publish","hentry"],"_links":{"self":[{"href":"https:\/\/farmaciaantichtorres.com\/index.php?rest_route=\/wp\/v2\/pages\/184","targetHints":{"allow":["GET"]}}],"collection":[{"href":"https:\/\/farmaciaantichtorres.com\/index.php?rest_route=\/wp\/v2\/pages"}],"about":[{"href":"https:\/\/farmaciaantichtorres.com\/index.php?rest_route=\/wp\/v2\/types\/page"}],"author":[{"embeddable":true,"href":"https:\/\/farmaciaantichtorres.com\/index.php?rest_route=\/wp\/v2\/users\/1"}],"replies":[{"embeddable":true,"href":"https:\/\/farmaciaantichtorres.com\/index.php?rest_route=%2Fwp%2Fv2%2Fcomments&post=184"}],"version-history":[{"count":3,"href":"https:\/\/farmaciaantichtorres.com\/index.php?rest_route=\/wp\/v2\/pages\/184\/revisions"}],"predecessor-version":[{"id":356,"href":"https:\/\/farmaciaantichtorres.com\/index.php?rest_route=\/wp\/v2\/pages\/184\/revisions\/356"}],"wp:attachment":[{"href":"https:\/\/farmaciaantichtorres.com\/index.php?rest_route=%2Fwp%2Fv2%2Fmedia&parent=184"}],"curies":[{"name":"wp","href":"https:\/\/api.w.org\/{rel}","templated":true}]}}