{"id":194,"date":"2021-10-21T19:31:24","date_gmt":"2021-10-21T19:31:24","guid":{"rendered":"https:\/\/aluminiojaviereguizabal.cibert.net\/?page_id=194"},"modified":"2024-01-26T21:22:58","modified_gmt":"2024-01-26T21:22:58","slug":"politica-de-cookies","status":"publish","type":"page","link":"https:\/\/farmaciaantichtorres.com\/?page_id=194","title":{"rendered":"Pol\u00edtica de Cookies"},"content":{"rendered":"\t\t<div data-elementor-type=\"wp-page\" data-elementor-id=\"194\" class=\"elementor elementor-194\" data-elementor-post-type=\"page\">\n\t\t\t\t\t\t<section class=\"elementor-section elementor-top-section elementor-element elementor-element-3f423fb elementor-section-boxed elementor-section-height-default elementor-section-height-default\" data-id=\"3f423fb\" data-element_type=\"section\" data-e-type=\"section\">\n\t\t\t\t\t\t<div class=\"elementor-container elementor-column-gap-default\">\n\t\t\t\t\t<div class=\"elementor-column elementor-col-100 elementor-top-column elementor-element elementor-element-225d1c6\" data-id=\"225d1c6\" data-element_type=\"column\" data-e-type=\"column\">\n\t\t\t<div class=\"elementor-widget-wrap elementor-element-populated\">\n\t\t\t\t\t\t<div class=\"elementor-element elementor-element-e3f2e38 elementor-widget elementor-widget-text-editor\" data-id=\"e3f2e38\" data-element_type=\"widget\" data-e-type=\"widget\" data-widget_type=\"text-editor.default\">\n\t\t\t\t<div class=\"elementor-widget-container\">\n\t\t\t\t\t\t\t\t\t<p><strong>Objeto<\/strong><\/p><p>El objeto de la presente pol\u00edtica es informar del uso de cookies en este sitio web de acuerdo con lo establecido en la legislaci\u00f3n de los servicios de la sociedad de la informaci\u00f3n y de comercio electr\u00f3nico.<\/p><p><strong>\u00bfQu\u00e9 son las Cookies y para qu\u00e9 se utilizan?<\/strong><\/p><p>Las cookies, son ficheros o archivos de texto que un servidor web genera y almacena en el ordenador\/smartphone\/tablet (en adelante equipo) de un Usuario al acceder a determinadas p\u00e1ginas web, para almacenar y recuperar informaci\u00f3n sobre la navegaci\u00f3n que realiza el usuario desde dicho equipo. Tambi\u00e9n pueden consistir en un c\u00f3digo que permite identificar al Usuario inequ\u00edvocamente durante su navegaci\u00f3n. Por ello las cookies pueden almacenar informaci\u00f3n sobre el equipo de un Usuario o sobre sus sesiones de navegaci\u00f3n de los sitios web que ha visitado, tal como p\u00e1gina que visita, el tiempo de conexi\u00f3n a Internet, y otros datos seg\u00fan el tipo de cookie.<\/p><p>En definitiva, el uso de cookies en la navegaci\u00f3n a trav\u00e9s del sitio web permite obtener informaci\u00f3n relativa a la navegaci\u00f3n de los usuarios; mejorar la experiencia del usuario en la navegaci\u00f3n; recoger las estad\u00edsticas de uso del sitio web por el Usuario y otras informaciones como el navegador empleado por el Usuario, el n\u00famero de p\u00e1ginas visitadas, el n\u00famero de visitas, el rastreo de los movimientos que hace el Usuario por un sitio web, el tiempo que permanece en el sitio web o en una p\u00e1gina concreta, el llenado o vaciado de la cesta de la compra, y otras informaciones; geolocalizar al Usuario mediante la geolocalizaci\u00f3n del dispositivo conectado (informaci\u00f3n sobre la regi\u00f3n y, potencialmente, datos de la localidad en algunos pa\u00edses); medir la efectividad de sus campa\u00f1as de correo electr\u00f3nico y mejorar las caracter\u00edsticas del servicio para segmentos espec\u00edficos de los usuarios y especialmente de los suscriptores de la recepci\u00f3n de comunicaciones electr\u00f3nicas comerciales publicitarias y boletines; conocer si los receptores de comunicaciones electr\u00f3nicas comerciales publicitarias y boletines han procedido a la apertura de dichas comunicaciones y el uso de los enlaces contenidos en los mismos para cada uno de los destinatarios, tal como la pulsaci\u00f3n de los enlaces contenidos en los correos, y poder elaborar con la informaci\u00f3n recabada informes de seguimiento de las campa\u00f1as.<\/p><p>Este sitio web utiliza cookies, tanto propias como de terceros. M\u00e1s adelante el Usuario puede encontrar informaci\u00f3n concreta sobre las mismas.<\/p><p>\u00bfC\u00f3mo se autoriza el uso de las cookies en nuestro sitio web?<\/p><p>En relaci\u00f3n con el uso de cookies en este sitio web, el Usuario debe saber que nos autoriza y consiente el uso de cookies de la siguiente forma:<\/p><p>Acepta el uso de las cookies utilizadas en este sitio web para las finalidades indicadas en esta pol\u00edtica seleccionando la opci\u00f3n deseada y pulsando sobre el bot\u00f3n \u201cAceptar selecci\u00f3n\u201d o para aceptar todas las cookies haciendo clic sobre el bot\u00f3n \u201cAceptar todo\u201d que se publican en la primera capa de informaci\u00f3n.<\/p><p>En todo caso, pese a la aceptaci\u00f3n inicial de uso de las cookies en la navegaci\u00f3n a trav\u00e9s de nuestro sitio web, en cualquier momento el Usuario puede revocar su consentimiento, deshabilitando y rechazando su utilizaci\u00f3n, seg\u00fan se explica en el apartado correspondiente de esta pol\u00edtica, o haciendo clic sobre el bot\u00f3n Cookies al pie de cada p\u00e1gina.<\/p><p>En todo caso, el Usuario tiene el control sobre las cookies, pues est\u00e1n almacenadas en el navegador de los equipos que utilizan. Por tanto, en cualquier momento el Usuario podr\u00e1 leerlas, filtrarlas, rechazarlas y eliminarlas.<\/p>\t\t\t\t\t\t\t\t<\/div>\n\t\t\t\t<\/div>\n\t\t\t\t\t<\/div>\n\t\t<\/div>\n\t\t\t\t\t<\/div>\n\t\t<\/section>\n\t\t\t\t<\/div>\n\t\t","protected":false},"excerpt":{"rendered":"<p>Objeto El objeto de la presente pol\u00edtica es informar del uso de cookies en este sitio web de acuerdo con lo establecido en la legislaci\u00f3n de los servicios de la sociedad de la informaci\u00f3n y de comercio electr\u00f3nico. \u00bfQu\u00e9 son las Cookies y para qu\u00e9 se utilizan? Las cookies, son ficheros o archivos de texto [&hellip;]<\/p>\n","protected":false},"author":1,"featured_media":0,"parent":0,"menu_order":0,"comment_status":"closed","ping_status":"closed","template":"elementor_header_footer","meta":{"footnotes":""},"class_list":["post-194","page","type-page","status-publish","hentry"],"_links":{"self":[{"href":"https:\/\/farmaciaantichtorres.com\/index.php?rest_route=\/wp\/v2\/pages\/194","targetHints":{"allow":["GET"]}}],"collection":[{"href":"https:\/\/farmaciaantichtorres.com\/index.php?rest_route=\/wp\/v2\/pages"}],"about":[{"href":"https:\/\/farmaciaantichtorres.com\/index.php?rest_route=\/wp\/v2\/types\/page"}],"author":[{"embeddable":true,"href":"https:\/\/farmaciaantichtorres.com\/index.php?rest_route=\/wp\/v2\/users\/1"}],"replies":[{"embeddable":true,"href":"https:\/\/farmaciaantichtorres.com\/index.php?rest_route=%2Fwp%2Fv2%2Fcomments&post=194"}],"version-history":[{"count":3,"href":"https:\/\/farmaciaantichtorres.com\/index.php?rest_route=\/wp\/v2\/pages\/194\/revisions"}],"predecessor-version":[{"id":359,"href":"https:\/\/farmaciaantichtorres.com\/index.php?rest_route=\/wp\/v2\/pages\/194\/revisions\/359"}],"wp:attachment":[{"href":"https:\/\/farmaciaantichtorres.com\/index.php?rest_route=%2Fwp%2Fv2%2Fmedia&parent=194"}],"curies":[{"name":"wp","href":"https:\/\/api.w.org\/{rel}","templated":true}]}}